{"id":2,"date":"2021-11-01T08:37:57","date_gmt":"2021-11-01T08:37:57","guid":{"rendered":"https:\/\/alleswastextist.ch\/?page_id=2"},"modified":"2021-12-14T19:33:52","modified_gmt":"2021-12-14T19:33:52","slug":"sample-page","status":"publish","type":"page","link":"https:\/\/alleswastextist.ch\/?page_id=2","title":{"rendered":"Bisherige Arbeiten"},"content":{"rendered":"\n<p>Text, Konzeption und Optimierung von Spendenmailings f\u00fcr diverse Schweizer Hilfswerke<\/p>\n\n\n\n<p>Texte f\u00fcr das Patientenmagazin &#8222;Radius&#8220; der Spit\u00e4ler Schaffhausen<\/p>\n\n\n\n<p>Konzeption und Redaktion verschiedener Mitglieder- und Spendenmagazine Schweizerischer Hilfswerke<\/p>\n\n\n\n<p>Redaktion und Texten f\u00fcr diverse Kundenmagazine <\/p>\n\n\n\n<p><strong>Aus- und Weiterbildung<\/strong>:<\/p>\n\n\n\n<p>dipl. Fundraiserin VMI, Besuch diverser Kurse beim Swissfundraising-Verband<\/p>\n\n\n\n<p>Grundkurs Journalismus Medienausbildungszentrum Luzern<\/p>\n\n\n\n<p>MA in Germanistik und Politikwissenschaft (RWTH Aachen)<\/p>\n\n\n\n<p><\/p>\n","protected":false},"excerpt":{"rendered":"<p>Text, Konzeption und Optimierung von Spendenmailings f\u00fcr diverse Schweizer Hilfswerke Texte f\u00fcr das Patientenmagazin &#8222;Radius&#8220; der Spit\u00e4ler Schaffhausen Konzeption und Redaktion verschiedener Mitglieder- und Spendenmagazine Schweizerischer Hilfswerke Redaktion und Texten f\u00fcr diverse Kundenmagazine Aus- und Weiterbildung: dipl. Fundraiserin VMI, Besuch diverser Kurse beim Swissfundraising-Verband Grundkurs Journalismus Medienausbildungszentrum Luzern MA in Germanistik und Politikwissenschaft (RWTH Aachen)<\/p>\n","protected":false},"author":1,"featured_media":0,"parent":0,"menu_order":0,"comment_status":"closed","ping_status":"open","template":"","meta":{"footnotes":""},"class_list":["post-2","page","type-page","status-publish","hentry","entry"],"_links":{"self":[{"href":"https:\/\/alleswastextist.ch\/index.php?rest_route=\/wp\/v2\/pages\/2","targetHints":{"allow":["GET"]}}],"collection":[{"href":"https:\/\/alleswastextist.ch\/index.php?rest_route=\/wp\/v2\/pages"}],"about":[{"href":"https:\/\/alleswastextist.ch\/index.php?rest_route=\/wp\/v2\/types\/page"}],"author":[{"embeddable":true,"href":"https:\/\/alleswastextist.ch\/index.php?rest_route=\/wp\/v2\/users\/1"}],"replies":[{"embeddable":true,"href":"https:\/\/alleswastextist.ch\/index.php?rest_route=%2Fwp%2Fv2%2Fcomments&post=2"}],"version-history":[{"count":5,"href":"https:\/\/alleswastextist.ch\/index.php?rest_route=\/wp\/v2\/pages\/2\/revisions"}],"predecessor-version":[{"id":51,"href":"https:\/\/alleswastextist.ch\/index.php?rest_route=\/wp\/v2\/pages\/2\/revisions\/51"}],"wp:attachment":[{"href":"https:\/\/alleswastextist.ch\/index.php?rest_route=%2Fwp%2Fv2%2Fmedia&parent=2"}],"curies":[{"name":"wp","href":"https:\/\/api.w.org\/{rel}","templated":true}]}}