{"id":14,"date":"2021-12-09T14:39:14","date_gmt":"2021-12-09T14:39:14","guid":{"rendered":"https:\/\/alleswastextist.ch\/?page_id=14"},"modified":"2021-12-14T19:19:03","modified_gmt":"2021-12-14T19:19:03","slug":"die-texterin","status":"publish","type":"page","link":"https:\/\/alleswastextist.ch\/?page_id=14","title":{"rendered":"Die Texterin"},"content":{"rendered":"\n<p>Hinter\u00a0<strong>alleswastext\u00a0ist<\/strong>\u00a0steht die erfahrene Redaktorin und diplomierte Fundraiserin Anja Marti-Jilg:<\/p>\n\n\n\n<p>Seit 24 Jahren Journalistin und Texterin f\u00fcr Kundenmagazine, Spezialmagazine diverser Verb\u00e4nde<\/p>\n\n\n\n<p>seit 2003 diplomierte Fundraiserin VMI\/SGFF, aktuell als Verantwortliche Public Fundraising und Testamentsspenden in einer kleinen Schweizer Stiftung t\u00e4tig<\/p>\n\n\n\n<p>seit 1998 Weiterentwicklung, Neukonzeption und Redaktionsleitung von Zeitschriften f\u00fcr Non-Profit-Organisationen<\/p>\n\n\n\n<p>Seit 30 Jahren t\u00e4tig als Journalistin, Redaktorin und Texterin bei diversen Printmedien in Deutschland und in der Schweiz<\/p>\n\n\n\n<p>Grundkurs Journalismus am Medienausbildungszentrum MAZ in Luzern<\/p>\n\n\n\n<p>Hochschulabschluss in Germanistik und Politikwissenschaft in Deutschland<\/p>\n","protected":false},"excerpt":{"rendered":"<p>Hinter\u00a0alleswastext\u00a0ist\u00a0steht die erfahrene Redaktorin und diplomierte Fundraiserin Anja Marti-Jilg: Seit 24 Jahren Journalistin und Texterin f\u00fcr Kundenmagazine, Spezialmagazine diverser Verb\u00e4nde seit 2003 diplomierte Fundraiserin VMI\/SGFF, aktuell als Verantwortliche Public Fundraising und Testamentsspenden in einer kleinen Schweizer Stiftung t\u00e4tig seit 1998 Weiterentwicklung, Neukonzeption und Redaktionsleitung von Zeitschriften f\u00fcr Non-Profit-Organisationen Seit 30 Jahren t\u00e4tig als Journalistin, Redaktorin&hellip; <a class=\"more-link\" href=\"https:\/\/alleswastextist.ch\/?page_id=14\"><span class=\"screen-reader-text\">Die Texterin<\/span> weiterlesen<\/a><\/p>\n","protected":false},"author":1,"featured_media":0,"parent":0,"menu_order":0,"comment_status":"closed","ping_status":"closed","template":"","meta":{"footnotes":""},"class_list":["post-14","page","type-page","status-publish","hentry","entry"],"_links":{"self":[{"href":"https:\/\/alleswastextist.ch\/index.php?rest_route=\/wp\/v2\/pages\/14","targetHints":{"allow":["GET"]}}],"collection":[{"href":"https:\/\/alleswastextist.ch\/index.php?rest_route=\/wp\/v2\/pages"}],"about":[{"href":"https:\/\/alleswastextist.ch\/index.php?rest_route=\/wp\/v2\/types\/page"}],"author":[{"embeddable":true,"href":"https:\/\/alleswastextist.ch\/index.php?rest_route=\/wp\/v2\/users\/1"}],"replies":[{"embeddable":true,"href":"https:\/\/alleswastextist.ch\/index.php?rest_route=%2Fwp%2Fv2%2Fcomments&post=14"}],"version-history":[{"count":3,"href":"https:\/\/alleswastextist.ch\/index.php?rest_route=\/wp\/v2\/pages\/14\/revisions"}],"predecessor-version":[{"id":47,"href":"https:\/\/alleswastextist.ch\/index.php?rest_route=\/wp\/v2\/pages\/14\/revisions\/47"}],"wp:attachment":[{"href":"https:\/\/alleswastextist.ch\/index.php?rest_route=%2Fwp%2Fv2%2Fmedia&parent=14"}],"curies":[{"name":"wp","href":"https:\/\/api.w.org\/{rel}","templated":true}]}}