{"id":13,"date":"2021-12-10T09:08:48","date_gmt":"2021-12-10T09:08:48","guid":{"rendered":"https:\/\/alleswastextist.ch\/?page_id=13"},"modified":"2021-12-14T19:35:50","modified_gmt":"2021-12-14T19:35:50","slug":"mitglieder-und-spendenmagazine","status":"publish","type":"page","link":"https:\/\/alleswastextist.ch\/?page_id=13","title":{"rendered":"Mitglieder- und Spendenmagazine"},"content":{"rendered":"\n<p>Non-Profit-Organisationen sind darauf angewiesen, dass ihre Botschaft in der \u00d6ffentlichkeit wahrgenommen wird. Immer mehr Organisationen k\u00e4mpfen um Aufmerksamkeit und Spendengelder. Wer nicht untergehen will, muss sich regelm\u00e4ssig bemerkbar machen.<br>Eine gute und effiziente M\u00f6glichkeit, die eigenen Spenderinnen und Spender, die Mitglieder oder die breite \u00d6ffentlichkeit auf die eigenen Anliegen aufmerksam zu machen, ist ein regelm\u00e4ssig erscheinendes Magazin.<\/p>\n\n\n\n<p>Nutzen<br>Ein Spender- und\/oder Mitgliedermagazin<br>&#8211; gibt der Organisation ein Gesicht<br>&#8211; informiert regelm\u00e4ssig und lebendig \u00fcber die Anliegen der Organisation<br>&#8211; bindet die Spenderinnen und Spender an die Organisation<br>&#8211; sorgt f\u00fcr h\u00f6here Response-Quoten bei Mailings<br>&#8211; kann f\u00fcr vielf\u00e4ltige Kommunikationsbed\u00fcrfnisse genutzt werden, wie z.B. Versand an die Medien aus aktuellem Anlass, Auslegen und Verteilen an Veranstaltungen, Beilage zu Gesuchen an Sponsoren und Grossg\u00f6nner<\/p>\n\n\n\n<p>Aufwand<br>Zugegeben, ein Magazin bedeutet einen finanziellen Mehraufwand f\u00fcr eine Organisation, der sich aber durch die oben aufgez\u00e4hlten Vorteile schnell bezahlt macht. F\u00fcr viele vor allem kleinere und mittlere Organisationen gen\u00fcgt oft nur einige Male im Jahr eine bescheidene Publikation. Manchmal lohnt es sich nicht, daf\u00fcr eine fachlich entsprechend qualifizierte Person einzustellen.\u00a0<br>Eine ausw\u00e4rtige Redaktion kann diese Probleme l\u00f6sen. Es muss kein Arbeitsplatz eingerichtet werden, und die Organisation bezahlt exakt das Arbeitsvolumen, das tats\u00e4chlich anf\u00e4llt. Eine professionelle Publikation l\u00e4sst sich so auch mit einem kleinen Budget verwirklichen.<\/p>\n\n\n\n<p><strong>Unser Angebot<\/strong><\/p>\n\n\n\n<p><strong>alleswastextist<\/strong><br>&#8211; erarbeitet Konzepte f\u00fcr neue Magazine oder \u00fcbernimmt die komplette redaktionelle Arbeit f\u00fcr bestehende Produkte.<br>&#8211; liefert komplette Beitr\u00e4ge oder redigierte Rohtexte \u2013 ganz nach Ihren W\u00fcnschen<br>&#8211; liefert auch dann ein professionelles Endprodukt, wenn die Verfasserinnen und Verfasser Ihrer Texte keine Profis sind.<br>&#8211; verf\u00fcgt \u00fcber langj\u00e4hrige Erfahrungen auf dem Gebiet Kundenmagazine und Spezialmagazine<br>&#8211; arbeitet nach journalistischen Grunds\u00e4tzen und zu journalistischen Preisen.<br>&#8211; ist spezialisiert auf den Bereich \u201ePublikationen f\u00fcr Non Profit-Organisationen<br>&#8211; unterbreitet Ihnen eine exakte Offerte, damit es nachher keine \u00dcberraschungen gibt.<br><\/p>\n\n\n\n<p>Ihr n\u00e4chster Schritt<br>Wenn unser Angebot Sie interessiert, melden Sie sich per E-Mail oder per Telefon f\u00fcr ein unverbindliches Gespr\u00e4ch oder eine Offerte. Dann kommen wir zu Ihnen und h\u00f6ren uns an, welche W\u00fcnsche und Bed\u00fcrfnisse Sie haben. Dieses erste Informationsgespr\u00e4ch ist f\u00fcr Sie gratis. Auf Wunsch erhalten Sie von uns anschliessend eine konkrete Offerte.<\/p>\n","protected":false},"excerpt":{"rendered":"<p>Non-Profit-Organisationen sind darauf angewiesen, dass ihre Botschaft in der \u00d6ffentlichkeit wahrgenommen wird. Immer mehr Organisationen k\u00e4mpfen um Aufmerksamkeit und Spendengelder. Wer nicht untergehen will, muss sich regelm\u00e4ssig bemerkbar machen.Eine gute und effiziente M\u00f6glichkeit, die eigenen Spenderinnen und Spender, die Mitglieder oder die breite \u00d6ffentlichkeit auf die eigenen Anliegen aufmerksam zu machen, ist ein regelm\u00e4ssig erscheinendes&hellip; <a class=\"more-link\" href=\"https:\/\/alleswastextist.ch\/?page_id=13\"><span class=\"screen-reader-text\">Mitglieder- und Spendenmagazine<\/span> weiterlesen<\/a><\/p>\n","protected":false},"author":1,"featured_media":0,"parent":0,"menu_order":0,"comment_status":"closed","ping_status":"closed","template":"","meta":{"footnotes":""},"class_list":["post-13","page","type-page","status-publish","hentry","entry"],"_links":{"self":[{"href":"https:\/\/alleswastextist.ch\/index.php?rest_route=\/wp\/v2\/pages\/13","targetHints":{"allow":["GET"]}}],"collection":[{"href":"https:\/\/alleswastextist.ch\/index.php?rest_route=\/wp\/v2\/pages"}],"about":[{"href":"https:\/\/alleswastextist.ch\/index.php?rest_route=\/wp\/v2\/types\/page"}],"author":[{"embeddable":true,"href":"https:\/\/alleswastextist.ch\/index.php?rest_route=\/wp\/v2\/users\/1"}],"replies":[{"embeddable":true,"href":"https:\/\/alleswastextist.ch\/index.php?rest_route=%2Fwp%2Fv2%2Fcomments&post=13"}],"version-history":[{"count":2,"href":"https:\/\/alleswastextist.ch\/index.php?rest_route=\/wp\/v2\/pages\/13\/revisions"}],"predecessor-version":[{"id":53,"href":"https:\/\/alleswastextist.ch\/index.php?rest_route=\/wp\/v2\/pages\/13\/revisions\/53"}],"wp:attachment":[{"href":"https:\/\/alleswastextist.ch\/index.php?rest_route=%2Fwp%2Fv2%2Fmedia&parent=13"}],"curies":[{"name":"wp","href":"https:\/\/api.w.org\/{rel}","templated":true}]}}